{"id":13,"date":"2014-08-01T10:36:04","date_gmt":"2014-08-01T09:36:04","guid":{"rendered":"http:\/\/www.humanismeetentreprise.org\/?page_id=13"},"modified":"2025-06-16T12:20:53","modified_gmt":"2025-06-16T10:20:53","slug":"prochaine-inscription","status":"publish","type":"page","link":"https:\/\/www.humanismeetentreprise.org\/?page_id=13","title":{"rendered":"Les \u00e9ditions pr\u00e9c\u00e9dentes"},"content":{"rendered":"\n\n","protected":false},"excerpt":{"rendered":"","protected":false},"author":1,"featured_media":0,"parent":0,"menu_order":0,"comment_status":"open","ping_status":"open","template":"","meta":{"footnotes":""},"_links":{"self":[{"href":"https:\/\/www.humanismeetentreprise.org\/index.php?rest_route=\/wp\/v2\/pages\/13"}],"collection":[{"href":"https:\/\/www.humanismeetentreprise.org\/index.php?rest_route=\/wp\/v2\/pages"}],"about":[{"href":"https:\/\/www.humanismeetentreprise.org\/index.php?rest_route=\/wp\/v2\/types\/page"}],"author":[{"embeddable":true,"href":"https:\/\/www.humanismeetentreprise.org\/index.php?rest_route=\/wp\/v2\/users\/1"}],"replies":[{"embeddable":true,"href":"https:\/\/www.humanismeetentreprise.org\/index.php?rest_route=%2Fwp%2Fv2%2Fcomments&post=13"}],"version-history":[{"count":7,"href":"https:\/\/www.humanismeetentreprise.org\/index.php?rest_route=\/wp\/v2\/pages\/13\/revisions"}],"predecessor-version":[{"id":562,"href":"https:\/\/www.humanismeetentreprise.org\/index.php?rest_route=\/wp\/v2\/pages\/13\/revisions\/562"}],"wp:attachment":[{"href":"https:\/\/www.humanismeetentreprise.org\/index.php?rest_route=%2Fwp%2Fv2%2Fmedia&parent=13"}],"curies":[{"name":"wp","href":"https:\/\/api.w.org\/{rel}","templated":true}]}}