{"id":21,"date":"2014-08-20T10:42:13","date_gmt":"2014-08-20T08:42:13","guid":{"rendered":"http:\/\/www.humanismeetentreprise.org\/?page_id=21"},"modified":"2025-06-23T14:06:09","modified_gmt":"2025-06-23T12:06:09","slug":"contact","status":"publish","type":"page","link":"https:\/\/www.humanismeetentreprise.org\/?page_id=21","title":{"rendered":"Contact"},"content":{"rendered":"<h5>P<strong>our toutes demandes d&rsquo;informations ou renseignements : contactez nous par <a href=\"mailto:humanismeetentreprise@gmail.com\">courriel\u00a0<\/a><\/strong><strong>ou contactez Pervenche Brillat-Savarin au 06 26 61 91 22<\/strong><\/h5>\n<h5><strong>Ce site est \u00e9dit\u00e9 par le service communication du <a href=\"http:\/\/catholique-angers.cef.fr\">dioc\u00e8se d&rsquo;Angers<\/a>.<\/strong><\/h5>\n","protected":false},"excerpt":{"rendered":"<p>Pour toutes demandes d&rsquo;informations ou renseignements : contactez nous par courriel\u00a0ou contactez Pervenche Brillat-Savarin au 06 26 61 91 22 Ce site est \u00e9dit\u00e9 par le service communication du dioc\u00e8se d&rsquo;Angers.<\/p>\n","protected":false},"author":1,"featured_media":0,"parent":0,"menu_order":3,"comment_status":"open","ping_status":"closed","template":"","meta":{"footnotes":""},"_links":{"self":[{"href":"https:\/\/www.humanismeetentreprise.org\/index.php?rest_route=\/wp\/v2\/pages\/21"}],"collection":[{"href":"https:\/\/www.humanismeetentreprise.org\/index.php?rest_route=\/wp\/v2\/pages"}],"about":[{"href":"https:\/\/www.humanismeetentreprise.org\/index.php?rest_route=\/wp\/v2\/types\/page"}],"author":[{"embeddable":true,"href":"https:\/\/www.humanismeetentreprise.org\/index.php?rest_route=\/wp\/v2\/users\/1"}],"replies":[{"embeddable":true,"href":"https:\/\/www.humanismeetentreprise.org\/index.php?rest_route=%2Fwp%2Fv2%2Fcomments&post=21"}],"version-history":[{"count":4,"href":"https:\/\/www.humanismeetentreprise.org\/index.php?rest_route=\/wp\/v2\/pages\/21\/revisions"}],"predecessor-version":[{"id":587,"href":"https:\/\/www.humanismeetentreprise.org\/index.php?rest_route=\/wp\/v2\/pages\/21\/revisions\/587"}],"wp:attachment":[{"href":"https:\/\/www.humanismeetentreprise.org\/index.php?rest_route=%2Fwp%2Fv2%2Fmedia&parent=21"}],"curies":[{"name":"wp","href":"https:\/\/api.w.org\/{rel}","templated":true}]}}