{"id":529,"date":"2024-10-14T15:14:40","date_gmt":"2024-10-14T13:14:40","guid":{"rendered":"http:\/\/www.humanismeetentreprise.org\/?page_id=529"},"modified":"2025-10-21T17:15:41","modified_gmt":"2025-10-21T15:15:41","slug":"ledition-2023-des-rencontres-humanisme-et-entreprise","status":"publish","type":"page","link":"https:\/\/www.humanismeetentreprise.org\/","title":{"rendered":"\u2014 L\u2019\u00e9dition 2025 des Rencontres Humanisme et Entreprise"},"content":{"rendered":"\n\n\n<p>La 12\u00e8me \u00e9dition des Rencontres Humanisme et Entreprise auront lieu \u00e0 <strong>l&rsquo;ESSCA, le 27 novembre 2025.<\/strong> Le th\u00e8me de cette \u00e9dition est&nbsp;<strong>: Vie pro, \u00eatre \u00e0 sa place ?<\/strong> Avec l\u2019intervention de Fran\u00e7ois Daniel Migeon, fondateur du cabinet Thomas More Partners (conseil en d\u00e9veloppement du leadership) et auteur de \u00ab\u00a0Leader Authentique\u00a0\u00bb.<\/p>\n\n\n\n<p>Que l&rsquo;on soit en d\u00e9but de carri\u00e8re, en pleine reconversion ou fort de plusieurs ann\u00e9es d&rsquo;exp\u00e9rience, cette question est universelle. Elle traduit notre qu\u00eate de sens au travail, notre d\u00e9sir d&rsquo;alignement avec nos valeurs et notre aspiration \u00e0 un \u00e9panouissement quotidien. Cette ann\u00e9e encore, les \u00e9tudiants des \u00e9coles angevines (l\u2019ESSCA, l\u2019IRCOM et l\u2019UCO) seront \u00e0 l&rsquo;honneur et animeront des ateliers autour de ce th\u00e8me, en s&rsquo;appuyant sur 4 entreprises partenaires. Initi\u00e9es par le Dioc\u00e8se d&rsquo;Anjou, l\u2019IRCOM et la CCI 49 en partenariat avec l\u2019ESSCA, ces rencontres b\u00e9n\u00e9ficient \u00e9galement du soutien de la Jeune Chambre \u00c9conomique et du Cabinet RH PerfHomme.<\/p>\n\n\n\n<p class=\"has-text-align-center\">Inscription \u00e0 partir du 1er septembre sous ce <a href=\"https:\/\/www.eventbrite.fr\/e\/billets-12eme-rencontres-humanisme-et-entreprise-1498986291349?utm-campaign=social&amp;utm-content=attendeeshare&amp;utm-medium=discovery&amp;utm-term=listing&amp;utm-source=cp&amp;aff=ebdsshcopyurl\">lien <\/a><\/p>\n\n\n\n<figure class=\"wp-block-image size-large\"><a href=\"https:\/\/www.humanismeetentreprise.org\/wp-content\/uploads\/2025\/10\/Affiche_RHE2025_Version-DEFINITIVE-scaled.jpg\"><img loading=\"lazy\" decoding=\"async\" width=\"724\" height=\"1024\" src=\"https:\/\/www.humanismeetentreprise.org\/wp-content\/uploads\/2025\/10\/Affiche_RHE2025_Version-DEFINITIVE-724x1024.jpg\" alt=\"\" class=\"wp-image-621\" srcset=\"https:\/\/www.humanismeetentreprise.org\/wp-content\/uploads\/2025\/10\/Affiche_RHE2025_Version-DEFINITIVE-724x1024.jpg 724w, https:\/\/www.humanismeetentreprise.org\/wp-content\/uploads\/2025\/10\/Affiche_RHE2025_Version-DEFINITIVE-212x300.jpg 212w, https:\/\/www.humanismeetentreprise.org\/wp-content\/uploads\/2025\/10\/Affiche_RHE2025_Version-DEFINITIVE-768x1086.jpg 768w, https:\/\/www.humanismeetentreprise.org\/wp-content\/uploads\/2025\/10\/Affiche_RHE2025_Version-DEFINITIVE-1086x1536.jpg 1086w, https:\/\/www.humanismeetentreprise.org\/wp-content\/uploads\/2025\/10\/Affiche_RHE2025_Version-DEFINITIVE-1448x2048.jpg 1448w, https:\/\/www.humanismeetentreprise.org\/wp-content\/uploads\/2025\/10\/Affiche_RHE2025_Version-DEFINITIVE-676x956.jpg 676w, https:\/\/www.humanismeetentreprise.org\/wp-content\/uploads\/2025\/10\/Affiche_RHE2025_Version-DEFINITIVE-scaled.jpg 1810w\" sizes=\"(max-width: 724px) 100vw, 724px\" \/><\/a><\/figure>\n","protected":false},"excerpt":{"rendered":"<p>La 12\u00e8me \u00e9dition des Rencontres Humanisme et Entreprise auront lieu \u00e0 l&rsquo;ESSCA, le 27 novembre 2025. Le th\u00e8me de cette \u00e9dition est&nbsp;: Vie pro, \u00eatre \u00e0 sa place ? Avec l\u2019intervention de Fran\u00e7ois Daniel Migeon, fondateur du cabinet Thomas More Partners (conseil en d\u00e9veloppement du leadership) et auteur de \u00ab\u00a0Leader Authentique\u00a0\u00bb. Que l&rsquo;on soit en &hellip; <a href=\"https:\/\/www.humanismeetentreprise.org\/\" class=\"more-link\">Lire la suite de <span class=\"screen-reader-text\">\u2014 L\u2019\u00e9dition 2025 des Rencontres Humanisme et Entreprise<\/span><\/a><\/p>\n","protected":false},"author":2,"featured_media":631,"parent":0,"menu_order":0,"comment_status":"closed","ping_status":"closed","template":"","meta":{"footnotes":""},"_links":{"self":[{"href":"https:\/\/www.humanismeetentreprise.org\/index.php?rest_route=\/wp\/v2\/pages\/529"}],"collection":[{"href":"https:\/\/www.humanismeetentreprise.org\/index.php?rest_route=\/wp\/v2\/pages"}],"about":[{"href":"https:\/\/www.humanismeetentreprise.org\/index.php?rest_route=\/wp\/v2\/types\/page"}],"author":[{"embeddable":true,"href":"https:\/\/www.humanismeetentreprise.org\/index.php?rest_route=\/wp\/v2\/users\/2"}],"replies":[{"embeddable":true,"href":"https:\/\/www.humanismeetentreprise.org\/index.php?rest_route=%2Fwp%2Fv2%2Fcomments&post=529"}],"version-history":[{"count":10,"href":"https:\/\/www.humanismeetentreprise.org\/index.php?rest_route=\/wp\/v2\/pages\/529\/revisions"}],"predecessor-version":[{"id":638,"href":"https:\/\/www.humanismeetentreprise.org\/index.php?rest_route=\/wp\/v2\/pages\/529\/revisions\/638"}],"wp:featuredmedia":[{"embeddable":true,"href":"https:\/\/www.humanismeetentreprise.org\/index.php?rest_route=\/wp\/v2\/media\/631"}],"wp:attachment":[{"href":"https:\/\/www.humanismeetentreprise.org\/index.php?rest_route=%2Fwp%2Fv2%2Fmedia&parent=529"}],"curies":[{"name":"wp","href":"https:\/\/api.w.org\/{rel}","templated":true}]}}